{"id":1229,"date":"2020-10-21T11:27:50","date_gmt":"2020-10-21T09:27:50","guid":{"rendered":"https:\/\/home-stories.es\/vende\/"},"modified":"2021-04-21T14:18:42","modified_gmt":"2021-04-21T12:18:42","slug":"vende","status":"publish","type":"page","link":"https:\/\/home-stories.es\/en\/vende\/","title":{"rendered":"Sell"},"content":{"rendered":"\t<section class=\"section\" id=\"section_1422727663\">\n\t\t<div class=\"bg section-bg fill bg-fill  \" >\n\n\t\t\t\n\t\t\t\n\t\t\t\n\n\t\t<\/div>\n\n\t\t<div class=\"section-content relative\">\n\t\t\t\n<div class=\"row row-collapse\"  id=\"row-1316730901\">\n\n\t<div id=\"col-277367446\" class=\"col small-12 large-12\"  >\n\t\t<div class=\"col-inner text-center\"  >\n\t\t\t\n\t\t\t\n<div class=\"bold fs56\" style=\"color: #f7f3e7; line-height: 1.25;\">Empieza algo bueno,<br \/>\nuna nueva historia.<\/div>\n\t\t<\/div>\n\t\t\t<\/div>\n\n\t\n<\/div>\n\t\t<\/div>\n\n\t\t\n<style>\n#section_1422727663 {\n  padding-top: 120px;\n  padding-bottom: 120px;\n}\n#section_1422727663 .section-bg.bg-loaded {\n  background-image: url(https:\/\/home-stories.es\/wp-content\/uploads\/2020\/10\/captacion-header.jpg);\n}\n#section_1422727663 .section-bg {\n  background-position: 16% 65%;\n}\n<\/style>\n\t<\/section>\n\t\n\t<section class=\"section\" id=\"section_2126837763\">\n\t\t<div class=\"bg section-bg fill bg-fill  bg-loaded\" >\n\n\t\t\t\n\t\t\t\n\t\t\t\n\n\t\t<\/div>\n\n\t\t<div class=\"section-content relative\">\n\t\t\t\n<div class=\"row align-center\"  id=\"row-892044779\">\n\n\t<div id=\"col-2066377764\" class=\"col medium-8 small-12 large-8\"  >\n\t\t<div class=\"col-inner text-center\"  >\n\t\t\t\n\t\t\t\n<p>NUEVA ETAPA<\/p>\n<h3 class=\"alt-font rojo normal magnolia fs42\" style=\"line-height: 130%;\">\u00bfPor qu\u00e9 vender tu<br \/>\ncasa con Home Stories?<\/h3>\n\t\t<\/div>\n\t\t\n<style>\n#col-2066377764 > .col-inner {\n  padding: 0px 0px 0px 0px;\n}\n@media (min-width:550px) {\n  #col-2066377764 > .col-inner {\n    padding: 0px 0px 30px 0px;\n  }\n}\n<\/style>\n\t<\/div>\n\n\t\n<\/div>\n<div class=\"row row-large\"  id=\"row-1609797545\">\n\n\t<div id=\"col-2082536700\" class=\"col medium-4 small-12 large-4\"  >\n\t\t<div class=\"col-inner text-center\"  >\n\t\t\t\n\t\t\t\n<p class=\"fs34\" style=\"color: #4a623b; line-height: 1.25; margin-bottom: 25px;\">Es muy muy muy importante para ti, \u00bfVerdad?<\/p>\n<p class=\"fs24\" style=\"color: #4a623b; margin-bottom: 5px;\">Si est\u00e1s aqu\u00ed es porque quieres vender. \u00bfAcaso no es un gran paso?, a veces de los m\u00e1s importantes de tu vida.<br \/>\nTe acompa\u00f1amos, te ayudamos y aportaremos valor en todo el proceso.<\/p>\n\t\t<\/div>\n\t\t\n<style>\n#col-2082536700 > .col-inner {\n  padding: 15px 20px 15px 20px;\n}\n@media (min-width:550px) {\n  #col-2082536700 > .col-inner {\n    padding: 0px 10px 0px 10px;\n  }\n}\n<\/style>\n\t<\/div>\n\n\t\n\n\t<div id=\"col-1290942752\" class=\"col medium-4 small-12 large-4\"  >\n\t\t<div class=\"col-inner text-center\"  >\n\t\t\t\n\t\t\t\n<p class=\"fs34\" style=\"color: #4a623b; line-height: 1.25; margin-bottom: 25px;\">Sencillez, honestidad,<br \/>\neficiencia<\/p>\n<p class=\"fs24\" style=\"color: #4a623b; margin-bottom: 5px;\">Estar\u00e1s en todo momento al tanto del estado de tu venta. Unas veces lo ver\u00e1s desde el sof\u00e1 con el m\u00f3vil, otras en una llamada. Aportamos tecnolog\u00eda para que el proceso sea f\u00e1cil para ti, sin olvidar lo m\u00e1s importante: vender tu casa.<\/p>\n\t\t<\/div>\n\t\t\n<style>\n#col-1290942752 > .col-inner {\n  padding: 15px 20px 15px 20px;\n}\n@media (min-width:550px) {\n  #col-1290942752 > .col-inner {\n    padding: 0px 30px 0px 30px;\n  }\n}\n<\/style>\n\t<\/div>\n\n\t\n\n\t<div id=\"col-1862108502\" class=\"col medium-4 small-12 large-4\"  >\n\t\t<div class=\"col-inner text-center\"  >\n\t\t\t\n\t\t\t\n<p class=\"fs34\" style=\"color: #4a623b; line-height: 1.25; margin-bottom: 25px;\">Vecindario, casas, comercio, <br class=\"hide-for-small\" \/>barrio, vecinos, lugares.<\/p>\n<p class=\"fs24\" style=\"color: #4a623b; margin-bottom: 5px;\">Nos gusta lo que hacemos y todo lo que aporta valor: las calles, la gente, los negocios, las casas&#8230;<br \/>\nEn el camino hemos aprendido mucho, esto hace que podamos aconsejarte, guiarte y acompa\u00f1arte y, sobre todo, hacer la venta que necesites.<\/p>\n\t\t<\/div>\n\t\t\n<style>\n#col-1862108502 > .col-inner {\n  padding: 15px 20px 15px 20px;\n}\n@media (min-width:550px) {\n  #col-1862108502 > .col-inner {\n    padding: 0px 4px 0px 4px;\n  }\n}\n<\/style>\n\t<\/div>\n\n\t\n<\/div>\n\t\t<\/div>\n\n\t\t\n<style>\n#section_2126837763 {\n  padding-top: 50px;\n  padding-bottom: 50px;\n}\n<\/style>\n\t<\/section>\n\t\n\t<section class=\"section\" id=\"section_1253135236\">\n\t\t<div class=\"bg section-bg fill bg-fill  bg-loaded\" >\n\n\t\t\t\n\t\t\t\n\t\t\t\n\n\t\t<\/div>\n\n\t\t<div class=\"section-content relative\">\n\t\t\t\n<div class=\"row align-center\"  id=\"row-596763976\">\n\n\t<div id=\"col-91927495\" class=\"col medium-4 small-12 large-4\"  >\n\t\t<div class=\"col-inner text-center\"  >\n\t\t\t\n\t\t\t\n<a href=\"#\" target=\"_self\" class=\"button white is-outline is-larger btn-cuentanos normal\"  style=\"border-radius:99px;padding:0px 50px 0px 50px;\">\n    <span>\u00bfHablamos?<\/span>\n  <\/a>\n\n\t\t<\/div>\n\t\t\n<style>\n#col-91927495 > .col-inner {\n  margin: -75px 0px 0px 0px;\n}\n<\/style>\n\t<\/div>\n\n\t\n<\/div>\n<div class=\"row align-bottom align-center\"  id=\"row-1506688892\">\n\n\t<div id=\"col-288409214\" class=\"col medium-7 small-12 large-5\"  >\n\t\t<div class=\"col-inner text-center\"  >\n\t\t\t\n\t\t\t\n<div class=\"beige fs24\" style=\"line-height: 1.25; margin-bottom: 30px;\">O si lo prefieres, rellena este formulario y nos pondremos en contacto contigo \ud83d\ude42<\/div>\n<div role=\"form\" class=\"wpcf7\" id=\"wpcf7-f1191-o1\" lang=\"en-US\" dir=\"ltr\">\n<div class=\"screen-reader-response\"><p role=\"status\" aria-live=\"polite\" aria-atomic=\"true\"><\/p> <ul><\/ul><\/div>\n<form action=\"\/en\/wp-json\/wp\/v2\/pages\/1229#wpcf7-f1191-o1\" method=\"post\" class=\"wpcf7-form init\" novalidate=\"novalidate\" data-status=\"init\">\n<div style=\"display: none;\">\n<input type=\"hidden\" name=\"_wpcf7\" value=\"1191\" \/>\n<input type=\"hidden\" name=\"_wpcf7_version\" value=\"5.5.6.1\" \/>\n<input type=\"hidden\" name=\"_wpcf7_locale\" value=\"en_US\" \/>\n<input type=\"hidden\" name=\"_wpcf7_unit_tag\" value=\"wpcf7-f1191-o1\" \/>\n<input type=\"hidden\" name=\"_wpcf7_container_post\" value=\"0\" \/>\n<input type=\"hidden\" name=\"_wpcf7_posted_data_hash\" value=\"\" \/>\n<\/div>\n<div class=\"row row-small\">\n<div class=\"col small-12 text-center\">\n<span class=\"wpcf7-form-control-wrap your-name\"><input type=\"text\" name=\"your-name\" value=\"\" size=\"40\" class=\"wpcf7-form-control wpcf7-text wpcf7-validates-as-required\" aria-required=\"true\" aria-invalid=\"false\" placeholder=\"Name\" \/><\/span><br \/>\n<span class=\"wpcf7-form-control-wrap your-email\"><input type=\"email\" name=\"your-email\" value=\"\" size=\"40\" class=\"wpcf7-form-control wpcf7-text wpcf7-email wpcf7-validates-as-required wpcf7-validates-as-email\" aria-required=\"true\" aria-invalid=\"false\" placeholder=\"Email\" \/><\/span><br \/>\n<span class=\"wpcf7-form-control-wrap your-subject\"><input type=\"text\" name=\"your-subject\" value=\"\" size=\"40\" class=\"wpcf7-form-control wpcf7-text wpcf7-validates-as-required\" aria-required=\"true\" aria-invalid=\"false\" placeholder=\"Mobile phone\" \/><\/span><br \/>\n<span class=\"wpcf7-form-control-wrap your-message\"><textarea name=\"your-message\" cols=\"40\" rows=\"10\" class=\"wpcf7-form-control wpcf7-textarea\" aria-invalid=\"false\" placeholder=\"Tell us about your house...\"><\/textarea><\/span><br \/>\n<span class=\"wpcf7-form-control-wrap privacidad\"><span class=\"wpcf7-form-control wpcf7-acceptance\"><span class=\"wpcf7-list-item\"><label><input type=\"checkbox\" name=\"privacidad\" value=\"1\" aria-invalid=\"false\" \/><span class=\"wpcf7-list-item-label\">I consent to the use of my data for the purposes indicated in the <a href=\"#\" id=\"form-condiciones\">privacy policy<\/a><\/span><\/label><\/span><\/span><\/span><br \/>\n<span class=\"wpcf7-form-control-wrap publicidad\"><span class=\"wpcf7-form-control wpcf7-acceptance optional\"><span class=\"wpcf7-list-item\"><label><input type=\"checkbox\" name=\"publicidad\" value=\"1\" aria-invalid=\"false\" \/><span class=\"wpcf7-list-item-label\">I consent to the use of my personal data to receive publicity from your entity.<\/span><\/label><\/span><\/span><\/span><\/p>\n<div class=\"col small-12 text-center col-submit\">\n<input type=\"submit\" value=\"Enviar\" class=\"wpcf7-form-control has-spinner wpcf7-submit\" \/>\n<\/div>\n<div class=\"col small-12\" id=\"form-condiciones-txt\">\n<strong>INFORMACI\u00d3N B\u00c1SICA SOBRE PROTECCI\u00d3N DE DATOS<\/strong><br \/>\n<strong>Responsable del tratamiento:<\/strong> SINLABER STORIES, S.L. (HOME STORIES)<br \/><strong>Direcci\u00f3n del responsable:<\/strong> C\/ Fluvia   - N\u00famero 109-113, piso 5-4 - Barcelona 08019<br \/><strong>Finalidad:<\/strong> Sus datos ser\u00e1n usados para poder atender sus solicitudes y prestarle nuestros servicios.<br \/><strong>Publicidad:<\/strong> Solo le enviaremos publicidad con su autorizaci\u00f3n previa, que podr\u00e1 facilitarnos mediante la casilla correspondiente establecida al efecto.<br \/><strong>Legitimaci\u00f3n:<\/strong> \u00danicamente trataremos sus datos con su consentimiento previo, que podr\u00e1 facilitarnos mediante la casilla correspondiente establecida al efecto.<br \/><strong>Destinatarios:<\/strong> Con car\u00e1cter general, s\u00f3lo el personal de nuestra entidad que est\u00e9 debidamente autorizado podr\u00e1 tener conocimiento de la informaci\u00f3n que le pedimos.<br \/><strong>Derechos:<\/strong> Tiene derecho a saber qu\u00e9 informaci\u00f3n tenemos sobre usted, corregirla y eliminarla, tal y como se explica en la informaci\u00f3n adicional disponible en nuestra p\u00e1gina web.<br \/><strong>Informaci\u00f3n adicional:<\/strong> M\u00e1s informaci\u00f3n en el apartado \u201cPOL\u00cdTICA DE PRIVACIDAD\u201d de nuestra p\u00e1gina web.\n<\/div>\n<\/div>\n<div class=\"wpcf7-response-output\" aria-hidden=\"true\"><\/div><\/form><\/div>\n\t\t<\/div>\n\t\t\n<style>\n#col-288409214 > .col-inner {\n  padding: 0px 30px 0px 30px;\n}\n<\/style>\n\t<\/div>\n\n\t\n<\/div>\n\t\t<\/div>\n\n\t\t\n<style>\n#section_1253135236 {\n  padding-top: 50px;\n  padding-bottom: 50px;\n  background-color: #4a623b;\n}\n<\/style>\n\t<\/section>\n\t\n\t<section class=\"section has-parallax\" id=\"section_1932633538\">\n\t\t<div class=\"bg section-bg fill bg-fill  \" data-parallax-container=\".section\" data-parallax-background data-parallax=\"-4\">\n\n\t\t\t\n\t\t\t\n\t\t\t\n\n\t\t<\/div>\n\n\t\t<div class=\"section-content relative\">\n\t\t\t\n\t\t<\/div>\n\n\t\t\n<style>\n#section_1932633538 {\n  padding-top: 30px;\n  padding-bottom: 30px;\n  min-height: 20vw;\n}\n#section_1932633538 .section-bg.bg-loaded {\n  background-image: url(https:\/\/home-stories.es\/wp-content\/uploads\/2020\/10\/captacion-foto.jpg);\n}\n#section_1932633538 .section-bg {\n  background-position: 52% 38%;\n}\n<\/style>\n\t<\/section>\n\t\n","protected":false},"excerpt":{"rendered":"","protected":false},"author":1,"featured_media":0,"parent":0,"menu_order":0,"comment_status":"closed","ping_status":"closed","template":"","meta":[],"acf":[],"yoast_head":"<!-- This site is optimized with the Yoast SEO plugin v16.8 - https:\/\/yoast.com\/wordpress\/plugins\/seo\/ -->\n<title>Sell - Home Stories - Compra, Alquila, Vende<\/title>\n<meta name=\"robots\" content=\"noindex, nofollow\" \/>\n<meta property=\"og:locale\" content=\"en_US\" \/>\n<meta property=\"og:type\" content=\"article\" \/>\n<meta property=\"og:title\" content=\"Sell - Home Stories - Compra, Alquila, Vende\" \/>\n<meta property=\"og:url\" content=\"https:\/\/home-stories.es\/en\/vende\/\" \/>\n<meta property=\"og:site_name\" content=\"Home Stories - Compra, Alquila, Vende\" \/>\n<meta property=\"article:modified_time\" content=\"2021-04-21T12:18:42+00:00\" \/>\n<meta name=\"twitter:card\" content=\"summary_large_image\" \/>\n<meta name=\"twitter:label1\" content=\"Est. reading time\" \/>\n\t<meta name=\"twitter:data1\" content=\"2 minutes\" \/>\n<script type=\"application\/ld+json\" class=\"yoast-schema-graph\">{\"@context\":\"https:\/\/schema.org\",\"@graph\":[{\"@type\":\"WebSite\",\"@id\":\"https:\/\/home-stories.es\/#website\",\"url\":\"https:\/\/home-stories.es\/\",\"name\":\"Home Stories - Compra, Alquila, Vende\",\"description\":\"\",\"potentialAction\":[{\"@type\":\"SearchAction\",\"target\":{\"@type\":\"EntryPoint\",\"urlTemplate\":\"https:\/\/home-stories.es\/?s={search_term_string}\"},\"query-input\":\"required name=search_term_string\"}],\"inLanguage\":\"en-US\"},{\"@type\":\"WebPage\",\"@id\":\"https:\/\/home-stories.es\/en\/vende\/#webpage\",\"url\":\"https:\/\/home-stories.es\/en\/vende\/\",\"name\":\"Sell - Home Stories - Compra, Alquila, Vende\",\"isPartOf\":{\"@id\":\"https:\/\/home-stories.es\/#website\"},\"datePublished\":\"2020-10-21T09:27:50+00:00\",\"dateModified\":\"2021-04-21T12:18:42+00:00\",\"breadcrumb\":{\"@id\":\"https:\/\/home-stories.es\/en\/vende\/#breadcrumb\"},\"inLanguage\":\"en-US\",\"potentialAction\":[{\"@type\":\"ReadAction\",\"target\":[\"https:\/\/home-stories.es\/en\/vende\/\"]}]},{\"@type\":\"BreadcrumbList\",\"@id\":\"https:\/\/home-stories.es\/en\/vende\/#breadcrumb\",\"itemListElement\":[{\"@type\":\"ListItem\",\"position\":1,\"name\":\"Portada\",\"item\":\"https:\/\/home-stories.es\/en\/\"},{\"@type\":\"ListItem\",\"position\":2,\"name\":\"Sell\"}]}]}<\/script>\n<!-- \/ Yoast SEO plugin. -->","yoast_head_json":{"title":"Sell - Home Stories - Compra, Alquila, Vende","robots":{"index":"noindex","follow":"nofollow"},"og_locale":"en_US","og_type":"article","og_title":"Sell - Home Stories - Compra, Alquila, Vende","og_url":"https:\/\/home-stories.es\/en\/vende\/","og_site_name":"Home Stories - Compra, Alquila, Vende","article_modified_time":"2021-04-21T12:18:42+00:00","twitter_card":"summary_large_image","twitter_misc":{"Est. reading time":"2 minutes"},"schema":{"@context":"https:\/\/schema.org","@graph":[{"@type":"WebSite","@id":"https:\/\/home-stories.es\/#website","url":"https:\/\/home-stories.es\/","name":"Home Stories - Compra, Alquila, Vende","description":"","potentialAction":[{"@type":"SearchAction","target":{"@type":"EntryPoint","urlTemplate":"https:\/\/home-stories.es\/?s={search_term_string}"},"query-input":"required name=search_term_string"}],"inLanguage":"en-US"},{"@type":"WebPage","@id":"https:\/\/home-stories.es\/en\/vende\/#webpage","url":"https:\/\/home-stories.es\/en\/vende\/","name":"Sell - Home Stories - Compra, Alquila, Vende","isPartOf":{"@id":"https:\/\/home-stories.es\/#website"},"datePublished":"2020-10-21T09:27:50+00:00","dateModified":"2021-04-21T12:18:42+00:00","breadcrumb":{"@id":"https:\/\/home-stories.es\/en\/vende\/#breadcrumb"},"inLanguage":"en-US","potentialAction":[{"@type":"ReadAction","target":["https:\/\/home-stories.es\/en\/vende\/"]}]},{"@type":"BreadcrumbList","@id":"https:\/\/home-stories.es\/en\/vende\/#breadcrumb","itemListElement":[{"@type":"ListItem","position":1,"name":"Portada","item":"https:\/\/home-stories.es\/en\/"},{"@type":"ListItem","position":2,"name":"Sell"}]}]}},"_links":{"self":[{"href":"https:\/\/home-stories.es\/en\/wp-json\/wp\/v2\/pages\/1229"}],"collection":[{"href":"https:\/\/home-stories.es\/en\/wp-json\/wp\/v2\/pages"}],"about":[{"href":"https:\/\/home-stories.es\/en\/wp-json\/wp\/v2\/types\/page"}],"author":[{"embeddable":true,"href":"https:\/\/home-stories.es\/en\/wp-json\/wp\/v2\/users\/1"}],"replies":[{"embeddable":true,"href":"https:\/\/home-stories.es\/en\/wp-json\/wp\/v2\/comments?post=1229"}],"version-history":[{"count":2,"href":"https:\/\/home-stories.es\/en\/wp-json\/wp\/v2\/pages\/1229\/revisions"}],"predecessor-version":[{"id":1684,"href":"https:\/\/home-stories.es\/en\/wp-json\/wp\/v2\/pages\/1229\/revisions\/1684"}],"wp:attachment":[{"href":"https:\/\/home-stories.es\/en\/wp-json\/wp\/v2\/media?parent=1229"}],"curies":[{"name":"wp","href":"https:\/\/api.w.org\/{rel}","templated":true}]}}