{"id":1222,"date":"2020-10-21T11:28:12","date_gmt":"2020-10-21T09:28:12","guid":{"rendered":"https:\/\/home-stories.es\/nuestra-story\/"},"modified":"2021-04-21T14:18:23","modified_gmt":"2021-04-21T12:18:23","slug":"nuestra-story","status":"publish","type":"page","link":"https:\/\/home-stories.es\/en\/nuestra-story\/","title":{"rendered":"Our Story"},"content":{"rendered":"\t<section class=\"section\" id=\"section_415286820\">\n\t\t<div class=\"bg section-bg fill bg-fill  \" >\n\n\t\t\t\n\t\t\t<div class=\"section-bg-overlay absolute fill\"><\/div>\n\t\t\t\n\n\t\t<\/div>\n\n\t\t<div class=\"section-content relative\">\n\t\t\t\n<div class=\"row row-collapse\"  id=\"row-1786597900\">\n\n\t<div id=\"col-1553842607\" class=\"col small-12 large-12\"  >\n\t\t<div class=\"col-inner text-center\"  >\n\t\t\t\n\t\t\t\n<div class=\"bold fs56 beige\" style=\"line-height: 1.25;\">Vender, comprar o alquilar <br class=\"hide-for-small\" \/>es un nuevo cap\u00edtulo en tu historia.<\/div>\n\t\t<\/div>\n\t\t\t<\/div>\n\n\t\n<\/div>\n\t\t<\/div>\n\n\t\t\n<style>\n#section_415286820 {\n  padding-top: 120px;\n  padding-bottom: 120px;\n}\n#section_415286820 .section-bg-overlay {\n  background-color: rgba(0, 0, 0, 0.4);\n}\n#section_415286820 .section-bg.bg-loaded {\n  background-image: url(https:\/\/home-stories.es\/wp-content\/uploads\/2020\/12\/nuestra-story-header-bg-crop.jpg);\n}\n#section_415286820 .section-bg {\n  background-position: 20% 100%;\n}\n<\/style>\n\t<\/section>\n\t\n\t<section class=\"section\" id=\"section_107557442\">\n\t\t<div class=\"bg section-bg fill bg-fill  bg-loaded\" >\n\n\t\t\t\n\t\t\t\n\t\t\t\n\n\t\t<\/div>\n\n\t\t<div class=\"section-content relative\">\n\t\t\t\n<div class=\"row align-center\"  id=\"row-46234729\">\n\n\t<div id=\"col-686675438\" class=\"col medium-5 small-12 large-5\"  >\n\t\t<div class=\"col-inner\"  >\n\t\t\t\n\t\t\t\n<p>TODO EMPIEZA AQU\u00cd<\/p>\n<h3 class=\"alt-font rojo fs40\" style=\"line-height: 1.25;\">Nuestras Stories:<br \/>\nDe principio a fin,<br \/>\na tu lado<\/h3>\n<p>#001<\/p>\n\t<div id=\"gap-858134779\" class=\"gap-element clearfix\" style=\"display:block; height:auto;\">\n\t\t\n<style>\n#gap-858134779 {\n  padding-top: 30px;\n}\n<\/style>\n\t<\/div>\n\t\n<a href=\"\/contacto\/\" target=\"_self\" class=\"button primary is-outline is-larger normal hablamos-home\"  style=\"border-radius:99px;padding:0px 50px 0px 50px;\">\n    <span>\u00bfHablamos?<\/span>\n  <\/a>\n\n\t\t<\/div>\n\t\t\t<\/div>\n\n\t\n\n\t<div id=\"col-196688031\" class=\"col medium-5 small-12 large-5\"  >\n\t\t<div class=\"col-inner\" style=\"background-color:rgb(255,255,255);border-radius:20px;\" >\n\t\t\t\n\t\t\t\n<p class=\"fs28\" style=\"color: #4a623b; line-height: 1.25; margin-bottom: 15px; font-weight: bold;\">Te acompa\u00f1amos<br \/>\nen tu nueva etapa.<\/p>\n<p class=\"fs20\" style=\"color: #4a623b; margin-bottom: 5px;\">Un nuevo hogar representa un cambio de etapa en la vida de las personas, una nueva historia, al fin y al cabo.<\/p>\n<p class=\"fs20\" style=\"color: #4a623b; margin-bottom: 5px;\">Te ayudamos, asesoramos y guiamos de principio a fin para que todo salga bien.<\/p>\n<p class=\"fs20\" style=\"color: #4a623b; margin-bottom: 5px;\">No sabemos cuando olvid\u00f3 el sector inmobiliario el calor del trayecto pero estamos aqu\u00ed para traerlo de vuelta.<\/p>\n\t\t<\/div>\n\t\t\n<style>\n#col-196688031 > .col-inner {\n  padding: 50px 50px 50px 50px;\n  margin: 0px 0px 0px 0px;\n}\n@media (min-width:550px) {\n  #col-196688031 > .col-inner {\n    padding: 50px 70px 50px 70px;\n    margin: -120px 0px 0px 0px;\n  }\n}\n<\/style>\n\t<\/div>\n\n\t\n<\/div>\n<div class=\"row align-center\"  id=\"row-1709454769\">\n\n\t<div id=\"col-937815687\" class=\"col medium-5 small-12 large-5\"  >\n\t\t<div class=\"col-inner\" style=\"background-color:rgb(247, 243, 231);border-radius:20px;\" >\n\t\t\t\n\t\t\t\n<p class=\"fs28\" style=\"color: #4a623b; line-height: 1.25; margin-bottom: 15px; font-weight: bold;\">Evolucionarlo todo<br \/>\npara hacerlo m\u00e1s f\u00e1cil.<\/p>\n<p class=\"fs20\" style=\"color: #4a623b; margin-bottom: 5px;\">Aprovechar la tecnolog\u00eda para evitar esperas que no llevan a ning\u00fan lado. Para saber el estado de tu venta, compra o alquiler. Se acabaron los contestadores o llamadas que nunca llegan.<\/p>\n<p class=\"fs20\" style=\"color: #4a623b; margin-bottom: 5px;\">Evolucionar es renovar las viejas formas del sector inmobiliario para acercarse al futuro, a la comodidad, a tu satisfacci\u00f3n.<\/p>\n\t\t<\/div>\n\t\t\n<style>\n#col-937815687 > .col-inner {\n  padding: 20px 20px 20px 20px;\n  margin: 0px 0px 0 0px;\n}\n@media (min-width:550px) {\n  #col-937815687 > .col-inner {\n    padding: 50px 50px 50px 50px;\n    margin: 0px 0px -150px 0px;\n  }\n}\n@media (min-width:850px) {\n  #col-937815687 > .col-inner {\n    margin: 0px 0px -150px 0px;\n  }\n}\n<\/style>\n\t<\/div>\n\n\t\n\n\t<div id=\"col-1500404179\" class=\"col hide-for-small medium-1 small-12 large-1\"  >\n\t\t<div class=\"col-inner\"  >\n\t\t\t\n\t\t\t\n\t\t<\/div>\n\t\t\t<\/div>\n\n\t\n\n\t<div id=\"col-1685802556\" class=\"col medium-4 small-12 large-4 small-col-first\"  >\n\t\t<div class=\"col-inner text-right\"  >\n\t\t\t\n\t\t\t\n<p class=\"verde\">ALMA DE \u00b4PROPTECH\u00b4<\/p>\n<h3 class=\"alt-font verde fs40\" style=\"line-height: 1.25;\">Tecnolog\u00eda<br \/>\nal servicio<br \/>\nde las personas<\/h3>\n<p class=\"verde\">#002<\/p>\n\t\t<\/div>\n\t\t\t<\/div>\n\n\t\n\n\t<div id=\"col-834208508\" class=\"col hide-for-small medium-1 small-12 large-1\"  >\n\t\t<div class=\"col-inner\"  >\n\t\t\t\n\t\t\t\n\t\t<\/div>\n\t\t\t<\/div>\n\n\t\n<\/div>\n\t\t<\/div>\n\n\t\t\n<style>\n#section_107557442 {\n  padding-top: 50px;\n  padding-bottom: 50px;\n}\n<\/style>\n\t<\/section>\n\t\n\t<section class=\"section\" id=\"section_955766615\">\n\t\t<div class=\"bg section-bg fill bg-fill  bg-loaded\" >\n\n\t\t\t\n\t\t\t\n\t\t\t\n\n\t\t<\/div>\n\n\t\t<div class=\"section-content relative\">\n\t\t\t\n<div class=\"row align-center\"  id=\"row-94570792\">\n\n\t<div id=\"col-662703351\" class=\"col hide-for-small medium-4 small-12 large-4\"  >\n\t\t<div class=\"col-inner\"  >\n\t\t\t\n\t\t\t\n\t\t<\/div>\n\t\t\t<\/div>\n\n\t\n\n\t<div id=\"col-2011053343\" class=\"col medium-4 small-12 large-4\"  >\n\t\t<div class=\"col-inner text-right\"  >\n\t\t\t\n\t\t\t\n<p class=\"fs24\" style=\"color: #f7f3e7; text-align: right; line-height: 1.25;\">Queremos saber de ti<br \/>\n<strong>\u00bfQuieres vender?<\/strong><br \/>\n<strong>\u00bfBuscas la casa de tus sue\u00f1os?<\/strong><\/p>\n<a href=\"\/contacto\/\" target=\"_self\" class=\"button white is-outline is-larger btn-cuentanos\"  style=\"border-radius:99px;padding:0px 50px 0px 50px;\">\n    <span>Cu\u00e9ntanos<\/span>\n  <\/a>\n\n\t\t<\/div>\n\t\t\n<style>\n#col-2011053343 > .col-inner {\n  padding: 50px 0px 0px 0px;\n}\n<\/style>\n\t<\/div>\n\n\t\n<\/div>\n<div class=\"row align-bottom align-center\"  id=\"row-1221746203\">\n\n\t<div id=\"col-2133679946\" class=\"col medium-5 small-12 large-5\"  >\n\t\t<div class=\"col-inner\"  >\n\t\t\t\n\t\t\t\n<p class=\"salmon\">ESTAR CERCA<\/p>\n<h3 class=\"alt-font salmon fs40\" style=\"line-height: 1.25;\">Conocer<br \/>\nlas ciudades,<br \/>\nsus calles, su gente.<\/h3>\n<p class=\"salmon\">#003<\/p>\n\t\t<\/div>\n\t\t\t<\/div>\n\n\t\n\n\t<div id=\"col-778864803\" class=\"col medium-5 small-12 large-5\"  >\n\t\t<div class=\"col-inner dark\" style=\"background-color:#eea28e;border-radius:20px;\" >\n\t\t\t\n\t\t\t\n<p class=\"verde fs28\" style=\"line-height: 1.25; margin-bottom: 15px; font-weight: bold;\">M\u00e1s que conocer,<br \/>\nestar cerca.<\/p>\n<p class=\"verde fs24\" style=\"margin-bottom: 5px;\">Si las historias son importantes es en gran parte por el lugar en que suceden y nosotros formamos parte de \u00e9l.<\/p>\n<p class=\"verde fs24\" style=\"margin-bottom: 5px;\">Vivimos los barrios y a su gente estando cerca, siendo uno m\u00e1s. Solo as\u00ed podremos asesorarte, acompa\u00f1arte.<\/p>\n<p>&nbsp;<\/p>\n\t\t<\/div>\n\t\t\n<style>\n#col-778864803 > .col-inner {\n  padding: 50px 50px 20px 50px;\n  margin: 0px 0px -100px 0px;\n}\n@media (min-width:850px) {\n  #col-778864803 > .col-inner {\n    padding: 50px 70px 50px 70px;\n    margin: 0px 0px -150px 0px;\n  }\n}\n<\/style>\n\t<\/div>\n\n\t\n<\/div>\n\t\t<\/div>\n\n\t\t\n<style>\n#section_955766615 {\n  padding-top: 50px;\n  padding-bottom: 50px;\n  background-color: #4a623b;\n}\n<\/style>\n\t<\/section>\n\t\n\t<section class=\"section has-parallax\" id=\"section_304425794\">\n\t\t<div class=\"bg section-bg fill bg-fill  \" data-parallax-container=\".section\" data-parallax-background data-parallax=\"-4\">\n\n\t\t\t\n\t\t\t\n\t\t\t\n\n\t\t<\/div>\n\n\t\t<div class=\"section-content relative\">\n\t\t\t\n\t\t<\/div>\n\n\t\t\n<style>\n#section_304425794 {\n  padding-top: 30px;\n  padding-bottom: 30px;\n  min-height: 35vh;\n}\n#section_304425794 .section-bg.bg-loaded {\n  background-image: url(https:\/\/home-stories.es\/wp-content\/uploads\/2020\/10\/home-stories-foto.jpg);\n}\n#section_304425794 .section-bg {\n  background-position: 52% 38%;\n}\n@media (min-width:550px) {\n  #section_304425794 {\n    min-height: 20vw;\n  }\n}\n<\/style>\n\t<\/section>\n\t\n\t<section class=\"section mb100_0\" id=\"section_801931252\">\n\t\t<div class=\"bg section-bg fill bg-fill  bg-loaded\" >\n\n\t\t\t\n\t\t\t\n\t\t\t\n\n\t\t<\/div>\n\n\t\t<div class=\"section-content relative\">\n\t\t\t\n<div class=\"row align-center\"  id=\"row-1032630769\">\n\n\t<div id=\"col-669910004\" class=\"col medium-9 small-12 large-9\"  >\n\t\t<div class=\"col-inner text-center\" style=\"background-color:rgb(25, 25, 25);\" >\n\t\t\t\n\t\t\t\n\t<div class=\"img has-hover x md-x lg-x y md-y lg-y\" id=\"image_692857937\">\n\t\t\t\t\t\t\t\t<div class=\"img-inner dark\" style=\"margin:0px 0px 0px 0px;\">\n\t\t\t<img width=\"681\" height=\"60\" src=\"https:\/\/home-stories.es\/wp-content\/uploads\/2021\/04\/stayland-r.png\" class=\"attachment-original size-original\" alt=\"\" loading=\"lazy\" srcset=\"https:\/\/home-stories.es\/wp-content\/uploads\/2021\/04\/stayland-r.png 681w, https:\/\/home-stories.es\/wp-content\/uploads\/2021\/04\/stayland-r-300x26.png 300w\" sizes=\"(max-width: 681px) 100vw, 681px\" \/>\t\t\t\t\t\t\n\t\t\t\t\t<\/div>\n\t\t\t\t\t\t\t\t\n<style>\n#image_692857937 {\n  width: 57%;\n}\n<\/style>\n\t<\/div>\n\t\n<div class=\"fs20\" style=\"color:#b7a38a;margin-top:10px;font-weight:200;\">SER PARTE DE ALGO GRANDE<\/div>\n\t\t<\/div>\n\t\t\n<style>\n#col-669910004 > .col-inner {\n  padding: 30px 30px 30px 30px;\n  margin: -110px 0px 0px 0px;\n}\n@media (min-width:550px) {\n  #col-669910004 > .col-inner {\n    padding: 100px 50px 100px 50px;\n  }\n}\n<\/style>\n\t<\/div>\n\n\t\n\n\t<div id=\"col-1435176111\" class=\"col medium-8 small-12 large-8\"  >\n\t\t<div class=\"col-inner text-center\"  >\n\t\t\t\n\t\t\t\n<p class=\"fs20\" style=\"color: #000;line-height:1.5;\"><strong>Home Stories<\/strong> forma parte de un grupo de marcas internacionales con algo en com\u00fan, que trasciende fronteras, ciudades, paredes, desiertos, mar y hogares: la estancia como el centro de todo. <strong>Stayland<\/strong> es una marca que envuelve a empresas alrededor del mundo en proyectos de inversi\u00f3n, alquiler vacacional, villas exclusivas, decoraci\u00f3n y dise\u00f1o, tecnolog\u00eda, innovaci\u00f3n y estilo de vida. <strong>Que bonito formar parte de algo tan grande.<\/strong><\/p>\n\t\t<\/div>\n\t\t\n<style>\n#col-1435176111 > .col-inner {\n  margin: 30px 0px 0px 0px;\n}\n<\/style>\n\t<\/div>\n\n\t\n<\/div>\n\t\t<\/div>\n\n\t\t\n<style>\n#section_801931252 {\n  padding-top: 50px;\n  padding-bottom: 50px;\n}\n<\/style>\n\t<\/section>\n\t\n\t<section class=\"section mb100\" id=\"section_883088569\">\n\t\t<div class=\"bg section-bg fill bg-fill  bg-loaded\" >\n\n\t\t\t\n\t\t\t\n\t\t\t\n\n\t\t<\/div>\n\n\t\t<div class=\"section-content relative\">\n\t\t\t\n<div class=\"row row-collapse row-full-width align-middle collapse-mobile\"  id=\"row-1016043852\">\n\n\t<div id=\"col-1462246629\" class=\"col hide-for-small medium-1 small-12 large-2\"  >\n\t\t<div class=\"col-inner\"  >\n\t\t\t\n\t\t\t\n\t\t<\/div>\n\t\t\t<\/div>\n\n\t\n\n\t<div id=\"col-1171295351\" class=\"col medium-4 small-12 large-3\"  >\n\t\t<div class=\"col-inner\"  >\n\t\t\t\n\t\t\t\n<p><img class=\"logo-utopic\" src=\"https:\/\/home-stories.es\/wp-content\/uploads\/2021\/04\/utopic-villa-logo-black.png\" alt=\"Utopic Villa\" \/><\/p>\n<p class=\"fs16\" style=\"color: #000;\">VACATIONAL HOUSES<\/p>\n<p class=\"fs20\" style=\"color: #000;\"><strong>Utopic Villa.<\/strong> Vacational houses.<\/p>\n\t\t<\/div>\n\t\t\n<style>\n#col-1171295351 > .col-inner {\n  padding: 40px 40px 40px 40px;\n}\n@media (min-width:550px) {\n  #col-1171295351 > .col-inner {\n    padding: 0px 40px 0px 0px;\n  }\n}\n@media (min-width:850px) {\n  #col-1171295351 > .col-inner {\n    padding: 0px 80px 0px 0px;\n  }\n}\n<\/style>\n\t<\/div>\n\n\t\n\n\t<div id=\"col-1641490341\" class=\"col medium-7 small-12 large-7\"  data-animate=\"fadeInRight\">\n\t\t<div class=\"col-inner\"  >\n\t\t\t\n\t\t\t\n\n  <div class=\"banner has-hover\" id=\"banner-2037407279\">\n          <div class=\"banner-inner fill\">\n        <div class=\"banner-bg fill\" >\n            <div class=\"bg fill bg-fill \"><\/div>\n                                    \n                    <\/div>\n        <div class=\"banner-layers container\">\n            <div class=\"fill banner-link\"><\/div>            \n        <\/div>\n      <\/div>\n\n            \n<style>\n#banner-2037407279 {\n  padding-top: 50%;\n  background-color: rgb(246, 231, 218);\n}\n#banner-2037407279 .bg.bg-loaded {\n  background-image: url(https:\/\/home-stories.es\/wp-content\/uploads\/2021\/04\/utopic-villa-img-half.jpg);\n}\n<\/style>\n  <\/div>\n\n\n\t\t<\/div>\n\t\t\n<style>\n#col-1641490341 > .col-inner {\n  margin: 0 0px 0px 0px;\n}\n@media (min-width:550px) {\n  #col-1641490341 > .col-inner {\n    margin: -100px 0px 0px 0px;\n  }\n}\n<\/style>\n\t<\/div>\n\n\t\n<\/div>\n\t\t<\/div>\n\n\t\t\n<style>\n#section_883088569 {\n  padding-top: 0px;\n  padding-bottom: 0px;\n  background-color: rgb(246, 231, 218);\n}\n<\/style>\n\t<\/section>\n\t\n\t<section class=\"section mb250\" id=\"section_1173462074\">\n\t\t<div class=\"bg section-bg fill bg-fill  bg-loaded\" >\n\n\t\t\t\n\t\t\t\n\t\t\t\n\n\t\t<\/div>\n\n\t\t<div class=\"section-content relative\">\n\t\t\t\n<div class=\"row row-collapse row-full-width align-middle collapse-mobile\"  id=\"row-245640077\">\n\n\t<div id=\"col-1166964100\" class=\"col medium-7 small-12 large-7\"  data-animate=\"fadeInLeft\">\n\t\t<div class=\"col-inner\"  >\n\t\t\t\n\t\t\t\n\n  <div class=\"banner has-hover\" id=\"banner-483984051\">\n          <div class=\"banner-inner fill\">\n        <div class=\"banner-bg fill\" >\n            <div class=\"bg fill bg-fill \"><\/div>\n                                    \n                    <\/div>\n        <div class=\"banner-layers container\">\n            <div class=\"fill banner-link\"><\/div>            \n        <\/div>\n      <\/div>\n\n            \n<style>\n#banner-483984051 {\n  padding-top: 50%;\n  background-color: rgb(246, 231, 218);\n}\n#banner-483984051 .bg.bg-loaded {\n  background-image: url(https:\/\/home-stories.es\/wp-content\/uploads\/2021\/04\/zinnia-img-half.jpg);\n}\n<\/style>\n  <\/div>\n\n\n\t\t<\/div>\n\t\t\n<style>\n#col-1166964100 > .col-inner {\n  margin: 0px 0px 0 0px;\n}\n@media (min-width:550px) {\n  #col-1166964100 > .col-inner {\n    margin: 0px 0px -100px 0px;\n  }\n}\n<\/style>\n\t<\/div>\n\n\t\n\n\t<div id=\"col-326244637\" class=\"col medium-4 small-12 large-3 small-col-first\"  >\n\t\t<div class=\"col-inner\"  >\n\t\t\t\n\t\t\t\n<p><img class=\"logo-zinnia\" src=\"https:\/\/home-stories.es\/wp-content\/uploads\/2021\/04\/zinnia-logo-black.png\" alt=\"Zinnia\" \/><\/p>\n<p class=\"fs16\" style=\"color: #000;\">MAKE YOUR DATA GROW<\/p>\n<p class=\"fs20\" style=\"color: #000;\"><strong>Zinnia.<\/strong> Make your data grow.<\/p>\n\t\t<\/div>\n\t\t\n<style>\n#col-326244637 > .col-inner {\n  padding: 40px 40px 40px 40px;\n}\n@media (min-width:550px) {\n  #col-326244637 > .col-inner {\n    padding: 0px 0px 0px 40px;\n  }\n}\n@media (min-width:850px) {\n  #col-326244637 > .col-inner {\n    padding: 0px 0px 0px 80px;\n  }\n}\n<\/style>\n\t<\/div>\n\n\t\n\n\t<div id=\"col-1232916734\" class=\"col hide-for-small medium-1 small-12 large-2\"  >\n\t\t<div class=\"col-inner\"  >\n\t\t\t\n\t\t\t\n\t\t<\/div>\n\t\t\t<\/div>\n\n\t\n<\/div>\n\t\t<\/div>\n\n\t\t\n<style>\n#section_1173462074 {\n  padding-top: 0px;\n  padding-bottom: 0px;\n  background-color: rgb(246, 231, 218);\n}\n<\/style>\n\t<\/section>\n\t\n\t<section class=\"section\" id=\"section_27756857\">\n\t\t<div class=\"bg section-bg fill bg-fill  bg-loaded\" >\n\n\t\t\t\n\t\t\t\n\t\t\t\n\n\t\t<\/div>\n\n\t\t<div class=\"section-content relative\">\n\t\t\t\n<div class=\"row row-collapse row-full-width align-middle collapse-mobile\"  id=\"row-936465489\">\n\n\t<div id=\"col-571611810\" class=\"col hide-for-small medium-1 small-12 large-2\"  >\n\t\t<div class=\"col-inner\"  >\n\t\t\t\n\t\t\t\n\t\t<\/div>\n\t\t\t<\/div>\n\n\t\n\n\t<div id=\"col-4609693\" class=\"col medium-4 small-12 large-3\"  >\n\t\t<div class=\"col-inner\"  >\n\t\t\t\n\t\t\t\n<p><img class=\"logo-alohause\" src=\"https:\/\/home-stories.es\/wp-content\/uploads\/2021\/04\/logo-alohause-black.png\" alt=\"Alohause\" \/><\/p>\n<p class=\"fs16\" style=\"color: #000;\">SHARE YOUR HOME IN THE BEST PLACES<\/p>\n<p class=\"fs20\" style=\"color: #000;\"><strong>Alohause.<\/strong> Share your home in the best places.<\/p>\n\t\t<\/div>\n\t\t\n<style>\n#col-4609693 > .col-inner {\n  padding: 40px 40px 40px 40px;\n}\n@media (min-width:550px) {\n  #col-4609693 > .col-inner {\n    padding: 0px 40px 0px 0px;\n  }\n}\n@media (min-width:850px) {\n  #col-4609693 > .col-inner {\n    padding: 0px 80px 0px 0px;\n  }\n}\n<\/style>\n\t<\/div>\n\n\t\n\n\t<div id=\"col-1805774317\" class=\"col medium-7 small-12 large-7\"  data-animate=\"fadeInRight\">\n\t\t<div class=\"col-inner\"  >\n\t\t\t\n\t\t\t\n\n  <div class=\"banner has-hover\" id=\"banner-1373214670\">\n          <div class=\"banner-inner fill\">\n        <div class=\"banner-bg fill\" >\n            <div class=\"bg fill bg-fill \"><\/div>\n                                    \n                    <\/div>\n        <div class=\"banner-layers container\">\n            <div class=\"fill banner-link\"><\/div>            \n        <\/div>\n      <\/div>\n\n            \n<style>\n#banner-1373214670 {\n  padding-top: 50%;\n  background-color: rgb(246, 231, 218);\n}\n#banner-1373214670 .bg.bg-loaded {\n  background-image: url(https:\/\/home-stories.es\/wp-content\/uploads\/2021\/04\/alohause-img-half.jpg);\n}\n<\/style>\n  <\/div>\n\n\n\t\t<\/div>\n\t\t\n<style>\n#col-1805774317 > .col-inner {\n  margin: 0 0px 0px 0px;\n}\n@media (min-width:550px) {\n  #col-1805774317 > .col-inner {\n    margin: -100px 0px 0px 0px;\n  }\n}\n<\/style>\n\t<\/div>\n\n\t\n<\/div>\n\t\t<\/div>\n\n\t\t\n<style>\n#section_27756857 {\n  padding-top: 0px;\n  padding-bottom: 0px;\n  background-color: rgb(246, 231, 218);\n}\n<\/style>\n\t<\/section>\n\t\n","protected":false},"excerpt":{"rendered":"","protected":false},"author":1,"featured_media":0,"parent":0,"menu_order":0,"comment_status":"closed","ping_status":"closed","template":"","meta":[],"acf":[],"yoast_head":"<!-- This site is optimized with the Yoast SEO plugin v16.8 - https:\/\/yoast.com\/wordpress\/plugins\/seo\/ -->\n<title>Our Story - Home Stories - Compra, Alquila, Vende<\/title>\n<meta name=\"robots\" content=\"index, follow, max-snippet:-1, max-image-preview:large, max-video-preview:-1\" \/>\n<link rel=\"canonical\" href=\"https:\/\/home-stories.es\/en\/nuestra-story\/\" \/>\n<meta property=\"og:locale\" content=\"en_US\" \/>\n<meta property=\"og:type\" content=\"article\" \/>\n<meta property=\"og:title\" content=\"Our Story - Home Stories - Compra, Alquila, Vende\" \/>\n<meta property=\"og:url\" content=\"https:\/\/home-stories.es\/en\/nuestra-story\/\" \/>\n<meta property=\"og:site_name\" content=\"Home Stories - Compra, Alquila, Vende\" \/>\n<meta property=\"article:modified_time\" content=\"2021-04-21T12:18:23+00:00\" \/>\n<meta property=\"og:image\" content=\"https:\/\/home-stories.es\/wp-content\/uploads\/2021\/04\/utopic-villa-logo-black.png\" \/>\n<meta name=\"twitter:card\" content=\"summary_large_image\" \/>\n<meta name=\"twitter:label1\" content=\"Est. reading time\" \/>\n\t<meta name=\"twitter:data1\" content=\"5 minutes\" \/>\n<script type=\"application\/ld+json\" class=\"yoast-schema-graph\">{\"@context\":\"https:\/\/schema.org\",\"@graph\":[{\"@type\":\"WebSite\",\"@id\":\"https:\/\/home-stories.es\/#website\",\"url\":\"https:\/\/home-stories.es\/\",\"name\":\"Home Stories - Compra, Alquila, Vende\",\"description\":\"\",\"potentialAction\":[{\"@type\":\"SearchAction\",\"target\":{\"@type\":\"EntryPoint\",\"urlTemplate\":\"https:\/\/home-stories.es\/?s={search_term_string}\"},\"query-input\":\"required name=search_term_string\"}],\"inLanguage\":\"en-US\"},{\"@type\":\"ImageObject\",\"@id\":\"https:\/\/home-stories.es\/en\/nuestra-story\/#primaryimage\",\"inLanguage\":\"en-US\",\"url\":\"https:\/\/home-stories.es\/wp-content\/uploads\/2021\/04\/utopic-villa-logo-black.png\",\"contentUrl\":\"https:\/\/home-stories.es\/wp-content\/uploads\/2021\/04\/utopic-villa-logo-black.png\",\"width\":251,\"height\":87},{\"@type\":\"WebPage\",\"@id\":\"https:\/\/home-stories.es\/en\/nuestra-story\/#webpage\",\"url\":\"https:\/\/home-stories.es\/en\/nuestra-story\/\",\"name\":\"Our Story - Home Stories - Compra, Alquila, Vende\",\"isPartOf\":{\"@id\":\"https:\/\/home-stories.es\/#website\"},\"primaryImageOfPage\":{\"@id\":\"https:\/\/home-stories.es\/en\/nuestra-story\/#primaryimage\"},\"datePublished\":\"2020-10-21T09:28:12+00:00\",\"dateModified\":\"2021-04-21T12:18:23+00:00\",\"breadcrumb\":{\"@id\":\"https:\/\/home-stories.es\/en\/nuestra-story\/#breadcrumb\"},\"inLanguage\":\"en-US\",\"potentialAction\":[{\"@type\":\"ReadAction\",\"target\":[\"https:\/\/home-stories.es\/en\/nuestra-story\/\"]}]},{\"@type\":\"BreadcrumbList\",\"@id\":\"https:\/\/home-stories.es\/en\/nuestra-story\/#breadcrumb\",\"itemListElement\":[{\"@type\":\"ListItem\",\"position\":1,\"name\":\"Portada\",\"item\":\"https:\/\/home-stories.es\/en\/\"},{\"@type\":\"ListItem\",\"position\":2,\"name\":\"Our Story\"}]}]}<\/script>\n<!-- \/ Yoast SEO plugin. -->","yoast_head_json":{"title":"Our Story - Home Stories - Compra, Alquila, Vende","robots":{"index":"index","follow":"follow","max-snippet":"max-snippet:-1","max-image-preview":"max-image-preview:large","max-video-preview":"max-video-preview:-1"},"canonical":"https:\/\/home-stories.es\/en\/nuestra-story\/","og_locale":"en_US","og_type":"article","og_title":"Our Story - Home Stories - Compra, Alquila, Vende","og_url":"https:\/\/home-stories.es\/en\/nuestra-story\/","og_site_name":"Home Stories - Compra, Alquila, Vende","article_modified_time":"2021-04-21T12:18:23+00:00","og_image":[{"url":"https:\/\/home-stories.es\/wp-content\/uploads\/2021\/04\/utopic-villa-logo-black.png"}],"twitter_card":"summary_large_image","twitter_misc":{"Est. reading time":"5 minutes"},"schema":{"@context":"https:\/\/schema.org","@graph":[{"@type":"WebSite","@id":"https:\/\/home-stories.es\/#website","url":"https:\/\/home-stories.es\/","name":"Home Stories - Compra, Alquila, Vende","description":"","potentialAction":[{"@type":"SearchAction","target":{"@type":"EntryPoint","urlTemplate":"https:\/\/home-stories.es\/?s={search_term_string}"},"query-input":"required name=search_term_string"}],"inLanguage":"en-US"},{"@type":"ImageObject","@id":"https:\/\/home-stories.es\/en\/nuestra-story\/#primaryimage","inLanguage":"en-US","url":"https:\/\/home-stories.es\/wp-content\/uploads\/2021\/04\/utopic-villa-logo-black.png","contentUrl":"https:\/\/home-stories.es\/wp-content\/uploads\/2021\/04\/utopic-villa-logo-black.png","width":251,"height":87},{"@type":"WebPage","@id":"https:\/\/home-stories.es\/en\/nuestra-story\/#webpage","url":"https:\/\/home-stories.es\/en\/nuestra-story\/","name":"Our Story - Home Stories - Compra, Alquila, Vende","isPartOf":{"@id":"https:\/\/home-stories.es\/#website"},"primaryImageOfPage":{"@id":"https:\/\/home-stories.es\/en\/nuestra-story\/#primaryimage"},"datePublished":"2020-10-21T09:28:12+00:00","dateModified":"2021-04-21T12:18:23+00:00","breadcrumb":{"@id":"https:\/\/home-stories.es\/en\/nuestra-story\/#breadcrumb"},"inLanguage":"en-US","potentialAction":[{"@type":"ReadAction","target":["https:\/\/home-stories.es\/en\/nuestra-story\/"]}]},{"@type":"BreadcrumbList","@id":"https:\/\/home-stories.es\/en\/nuestra-story\/#breadcrumb","itemListElement":[{"@type":"ListItem","position":1,"name":"Portada","item":"https:\/\/home-stories.es\/en\/"},{"@type":"ListItem","position":2,"name":"Our Story"}]}]}},"_links":{"self":[{"href":"https:\/\/home-stories.es\/en\/wp-json\/wp\/v2\/pages\/1222"}],"collection":[{"href":"https:\/\/home-stories.es\/en\/wp-json\/wp\/v2\/pages"}],"about":[{"href":"https:\/\/home-stories.es\/en\/wp-json\/wp\/v2\/types\/page"}],"author":[{"embeddable":true,"href":"https:\/\/home-stories.es\/en\/wp-json\/wp\/v2\/users\/1"}],"replies":[{"embeddable":true,"href":"https:\/\/home-stories.es\/en\/wp-json\/wp\/v2\/comments?post=1222"}],"version-history":[{"count":2,"href":"https:\/\/home-stories.es\/en\/wp-json\/wp\/v2\/pages\/1222\/revisions"}],"predecessor-version":[{"id":1681,"href":"https:\/\/home-stories.es\/en\/wp-json\/wp\/v2\/pages\/1222\/revisions\/1681"}],"wp:attachment":[{"href":"https:\/\/home-stories.es\/en\/wp-json\/wp\/v2\/media?parent=1222"}],"curies":[{"name":"wp","href":"https:\/\/api.w.org\/{rel}","templated":true}]}}