{"id":1221,"date":"2020-10-21T11:28:21","date_gmt":"2020-10-21T09:28:21","guid":{"rendered":"https:\/\/home-stories.es\/contacto\/"},"modified":"2021-06-25T15:29:35","modified_gmt":"2021-06-25T13:29:35","slug":"contacto","status":"publish","type":"page","link":"https:\/\/home-stories.es\/en\/contacto\/","title":{"rendered":"Contact"},"content":{"rendered":"\t<div id=\"gap-116301233\" class=\"gap-element clearfix\" style=\"display:block; height:auto;\">\n\t\t\n<style>\n#gap-116301233 {\n  padding-top: 50px;\n}\n@media (min-width:550px) {\n  #gap-116301233 {\n    padding-top: 70px;\n  }\n}\n<\/style>\n\t<\/div>\n\t\n<div class=\"row row-collapse row-full-width align-middle\"  id=\"row-838519387\">\n\n\t<div id=\"col-486489098\" class=\"col col-contacto-h1 contacto-form medium-6 small-12 large-6\"  >\n\t\t<div class=\"col-inner\"  >\n\t\t\t\n\t\t\t\n<h1 class=\"alt-font verde fs50\" style=\"margin-bottom: 10px;\">We contact you<\/h1>\n<p class=\"verde fs24\">If you&#8217;re lookin for a new Stories, you want to sell, buy or rent, this is your place.<\/p>\n<div role=\"form\" class=\"wpcf7\" id=\"wpcf7-f1190-o1\" lang=\"en-US\" dir=\"ltr\">\n<div class=\"screen-reader-response\"><p role=\"status\" aria-live=\"polite\" aria-atomic=\"true\"><\/p> <ul><\/ul><\/div>\n<form action=\"\/en\/wp-json\/wp\/v2\/pages\/1221#wpcf7-f1190-o1\" method=\"post\" class=\"wpcf7-form init\" novalidate=\"novalidate\" data-status=\"init\">\n<div style=\"display: none;\">\n<input type=\"hidden\" name=\"_wpcf7\" value=\"1190\" \/>\n<input type=\"hidden\" name=\"_wpcf7_version\" value=\"5.5.6.1\" \/>\n<input type=\"hidden\" name=\"_wpcf7_locale\" value=\"en_US\" \/>\n<input type=\"hidden\" name=\"_wpcf7_unit_tag\" value=\"wpcf7-f1190-o1\" \/>\n<input type=\"hidden\" name=\"_wpcf7_container_post\" value=\"0\" \/>\n<input type=\"hidden\" name=\"_wpcf7_posted_data_hash\" value=\"\" \/>\n<\/div>\n<div class=\"row row-small\">\n<div class=\"col small-12 medium-6\">\n<span class=\"wpcf7-form-control-wrap your-name\"><input type=\"text\" name=\"your-name\" value=\"\" size=\"40\" class=\"wpcf7-form-control wpcf7-text wpcf7-validates-as-required\" aria-required=\"true\" aria-invalid=\"false\" placeholder=\"First Name\" \/><\/span>\n<\/div>\n<div class=\"col small-12 medium-6\">\n<span class=\"wpcf7-form-control-wrap your-surname\"><input type=\"text\" name=\"your-surname\" value=\"\" size=\"40\" class=\"wpcf7-form-control wpcf7-text wpcf7-validates-as-required\" aria-required=\"true\" aria-invalid=\"false\" placeholder=\"Last Name\" \/><\/span>\n<\/div>\n<div class=\"col small-12 medium-6\">\n<span class=\"wpcf7-form-control-wrap your-email\"><input type=\"email\" name=\"your-email\" value=\"\" size=\"40\" class=\"wpcf7-form-control wpcf7-text wpcf7-email wpcf7-validates-as-required wpcf7-validates-as-email\" aria-required=\"true\" aria-invalid=\"false\" placeholder=\"Email\" \/><\/span>\n<\/div>\n<div class=\"col small-12 medium-6\">\n<span class=\"wpcf7-form-control-wrap your-subject\"><input type=\"text\" name=\"your-subject\" value=\"\" size=\"40\" class=\"wpcf7-form-control wpcf7-text wpcf7-validates-as-required\" aria-required=\"true\" aria-invalid=\"false\" placeholder=\"Mobile phone\" \/><\/span>\n<\/div>\n<div class=\"col small-12\">\n<span class=\"wpcf7-form-control-wrap your-message\"><textarea name=\"your-message\" cols=\"40\" rows=\"10\" class=\"wpcf7-form-control wpcf7-textarea\" aria-invalid=\"false\" placeholder=\"Tell us\"><\/textarea><\/span>\n<\/div>\n<div class=\"col small-12\">\n<span class=\"wpcf7-form-control-wrap privacidad\"><span class=\"wpcf7-form-control wpcf7-acceptance\"><span class=\"wpcf7-list-item\"><label><input type=\"checkbox\" name=\"privacidad\" value=\"1\" aria-invalid=\"false\" \/><span class=\"wpcf7-list-item-label\">I consent to the use of my data for the purposes indicated in the <a href=\"#\" id=\"form-condiciones\">privacy policy<\/a><\/span><\/label><\/span><\/span><\/span><br \/>\n<span class=\"wpcf7-form-control-wrap publicidad\"><span class=\"wpcf7-form-control wpcf7-acceptance optional\"><span class=\"wpcf7-list-item\"><label><input type=\"checkbox\" name=\"publicidad\" value=\"1\" aria-invalid=\"false\" \/><span class=\"wpcf7-list-item-label\">I consent to the use of my personal data to receive publicity from your entity.<\/span><\/label><\/span><\/span><\/span><\/p>\n<\/div>\n<div class=\"col small-12\">\n<input type=\"submit\" value=\"Send\" class=\"wpcf7-form-control has-spinner wpcf7-submit\" \/>\n<\/div>\n<div class=\"col small-12\" id=\"form-condiciones-txt\">\n<strong>INFORMACI\u00d3N B\u00c1SICA SOBRE PROTECCI\u00d3N DE DATOS<\/strong><br \/>\n<strong>Responsable del tratamiento:<\/strong> SINLABER STORIES, S.L. (HOME STORIES)<br \/><strong>Direcci\u00f3n del responsable:<\/strong> C\/ Fluvia   - N\u00famero 109-113, piso 5-4 - Barcelona 08019<br \/><strong>Finalidad:<\/strong> Sus datos ser\u00e1n usados para poder atender sus solicitudes y prestarle nuestros servicios.<br \/><strong>Publicidad:<\/strong> Solo le enviaremos publicidad con su autorizaci\u00f3n previa, que podr\u00e1 facilitarnos mediante la casilla correspondiente establecida al efecto.<br \/><strong>Legitimaci\u00f3n:<\/strong> \u00danicamente trataremos sus datos con su consentimiento previo, que podr\u00e1 facilitarnos mediante la casilla correspondiente establecida al efecto.<br \/><strong>Destinatarios:<\/strong> Con car\u00e1cter general, s\u00f3lo el personal de nuestra entidad que est\u00e9 debidamente autorizado podr\u00e1 tener conocimiento de la informaci\u00f3n que le pedimos.<br \/><strong>Derechos:<\/strong> Tiene derecho a saber qu\u00e9 informaci\u00f3n tenemos sobre usted, corregirla y eliminarla, tal y como se explica en la informaci\u00f3n adicional disponible en nuestra p\u00e1gina web.<br \/><strong>Informaci\u00f3n adicional:<\/strong> M\u00e1s informaci\u00f3n en el apartado \u201cPOL\u00cdTICA DE PRIVACIDAD\u201d de nuestra p\u00e1gina web.\n<\/div>\n<\/div>\n<div class=\"wpcf7-response-output\" aria-hidden=\"true\"><\/div><\/form><\/div>\n<h1 class=\"alt-font verde fs50\" style=\"margin-bottom: 10px;\">Or contact us<\/h1>\n<p class=\"verde fs24\">We&#8217;re waiting for you here:<\/p>\n<p class=\"verde medium fs24\">hola@home-stories.es<\/p>\n<p class=\"verde medium fs24\">+34 960 220 105<\/p>\n\t\t<\/div>\n\t\t\t<\/div>\n\n\t\n\n\t<div id=\"col-680024974\" class=\"col medium-6 small-12 large-6\"  >\n\t\t<div class=\"col-inner\"  >\n\t\t\t\n\t\t\t\n\t<div class=\"img has-hover x md-x lg-x y md-y lg-y\" id=\"image_848883255\">\n\t\t\t\t\t\t\t\t<div class=\"img-inner image-cover dark\" style=\"padding-top:50vh;\">\n\t\t\t<img width=\"1245\" height=\"1233\" src=\"https:\/\/home-stories.es\/wp-content\/uploads\/2020\/11\/home-stories-contacto.jpg\" class=\"attachment-original size-original\" alt=\"\" loading=\"lazy\" srcset=\"https:\/\/home-stories.es\/wp-content\/uploads\/2020\/11\/home-stories-contacto.jpg 1245w, https:\/\/home-stories.es\/wp-content\/uploads\/2020\/11\/home-stories-contacto-300x297.jpg 300w, https:\/\/home-stories.es\/wp-content\/uploads\/2020\/11\/home-stories-contacto-1024x1014.jpg 1024w, https:\/\/home-stories.es\/wp-content\/uploads\/2020\/11\/home-stories-contacto-150x150.jpg 150w, https:\/\/home-stories.es\/wp-content\/uploads\/2020\/11\/home-stories-contacto-768x761.jpg 768w\" sizes=\"(max-width: 1245px) 100vw, 1245px\" \/>\t\t\t\t\t\t\n\t\t\t\t\t<\/div>\n\t\t\t\t\t\t\t\t\n<style>\n#image_848883255 {\n  width: 100%;\n}\n<\/style>\n\t<\/div>\n\t\n\t\t<\/div>\n\t\t\t<\/div>\n\n\t\n<\/div>\n\t<div id=\"gap-1568116857\" class=\"gap-element clearfix\" style=\"display:block; height:auto;\">\n\t\t\n<style>\n#gap-1568116857 {\n  padding-top: 12vw;\n}\n<\/style>\n\t<\/div>\n\t\n","protected":false},"excerpt":{"rendered":"","protected":false},"author":1,"featured_media":0,"parent":0,"menu_order":0,"comment_status":"closed","ping_status":"closed","template":"","meta":[],"acf":[],"yoast_head":"<!-- This site is optimized with the Yoast SEO plugin v16.8 - https:\/\/yoast.com\/wordpress\/plugins\/seo\/ -->\n<title>Contact - Home Stories - Compra, Alquila, Vende<\/title>\n<meta name=\"robots\" content=\"noindex, nofollow\" \/>\n<meta property=\"og:locale\" content=\"en_US\" \/>\n<meta property=\"og:type\" content=\"article\" \/>\n<meta property=\"og:title\" content=\"Contact - Home Stories - Compra, Alquila, Vende\" \/>\n<meta property=\"og:url\" content=\"https:\/\/home-stories.es\/en\/contacto\/\" \/>\n<meta property=\"og:site_name\" content=\"Home Stories - Compra, Alquila, Vende\" \/>\n<meta property=\"article:modified_time\" content=\"2021-06-25T13:29:35+00:00\" \/>\n<meta name=\"twitter:card\" content=\"summary_large_image\" \/>\n<script type=\"application\/ld+json\" class=\"yoast-schema-graph\">{\"@context\":\"https:\/\/schema.org\",\"@graph\":[{\"@type\":\"WebSite\",\"@id\":\"https:\/\/home-stories.es\/#website\",\"url\":\"https:\/\/home-stories.es\/\",\"name\":\"Home Stories - Compra, Alquila, Vende\",\"description\":\"\",\"potentialAction\":[{\"@type\":\"SearchAction\",\"target\":{\"@type\":\"EntryPoint\",\"urlTemplate\":\"https:\/\/home-stories.es\/?s={search_term_string}\"},\"query-input\":\"required name=search_term_string\"}],\"inLanguage\":\"en-US\"},{\"@type\":\"WebPage\",\"@id\":\"https:\/\/home-stories.es\/en\/contacto\/#webpage\",\"url\":\"https:\/\/home-stories.es\/en\/contacto\/\",\"name\":\"Contact - Home Stories - Compra, Alquila, Vende\",\"isPartOf\":{\"@id\":\"https:\/\/home-stories.es\/#website\"},\"datePublished\":\"2020-10-21T09:28:21+00:00\",\"dateModified\":\"2021-06-25T13:29:35+00:00\",\"breadcrumb\":{\"@id\":\"https:\/\/home-stories.es\/en\/contacto\/#breadcrumb\"},\"inLanguage\":\"en-US\",\"potentialAction\":[{\"@type\":\"ReadAction\",\"target\":[\"https:\/\/home-stories.es\/en\/contacto\/\"]}]},{\"@type\":\"BreadcrumbList\",\"@id\":\"https:\/\/home-stories.es\/en\/contacto\/#breadcrumb\",\"itemListElement\":[{\"@type\":\"ListItem\",\"position\":1,\"name\":\"Portada\",\"item\":\"https:\/\/home-stories.es\/en\/\"},{\"@type\":\"ListItem\",\"position\":2,\"name\":\"Contact\"}]}]}<\/script>\n<!-- \/ Yoast SEO plugin. -->","yoast_head_json":{"title":"Contact - Home Stories - Compra, Alquila, Vende","robots":{"index":"noindex","follow":"nofollow"},"og_locale":"en_US","og_type":"article","og_title":"Contact - Home Stories - Compra, Alquila, Vende","og_url":"https:\/\/home-stories.es\/en\/contacto\/","og_site_name":"Home Stories - Compra, Alquila, Vende","article_modified_time":"2021-06-25T13:29:35+00:00","twitter_card":"summary_large_image","schema":{"@context":"https:\/\/schema.org","@graph":[{"@type":"WebSite","@id":"https:\/\/home-stories.es\/#website","url":"https:\/\/home-stories.es\/","name":"Home Stories - Compra, Alquila, Vende","description":"","potentialAction":[{"@type":"SearchAction","target":{"@type":"EntryPoint","urlTemplate":"https:\/\/home-stories.es\/?s={search_term_string}"},"query-input":"required name=search_term_string"}],"inLanguage":"en-US"},{"@type":"WebPage","@id":"https:\/\/home-stories.es\/en\/contacto\/#webpage","url":"https:\/\/home-stories.es\/en\/contacto\/","name":"Contact - Home Stories - Compra, Alquila, Vende","isPartOf":{"@id":"https:\/\/home-stories.es\/#website"},"datePublished":"2020-10-21T09:28:21+00:00","dateModified":"2021-06-25T13:29:35+00:00","breadcrumb":{"@id":"https:\/\/home-stories.es\/en\/contacto\/#breadcrumb"},"inLanguage":"en-US","potentialAction":[{"@type":"ReadAction","target":["https:\/\/home-stories.es\/en\/contacto\/"]}]},{"@type":"BreadcrumbList","@id":"https:\/\/home-stories.es\/en\/contacto\/#breadcrumb","itemListElement":[{"@type":"ListItem","position":1,"name":"Portada","item":"https:\/\/home-stories.es\/en\/"},{"@type":"ListItem","position":2,"name":"Contact"}]}]}},"_links":{"self":[{"href":"https:\/\/home-stories.es\/en\/wp-json\/wp\/v2\/pages\/1221"}],"collection":[{"href":"https:\/\/home-stories.es\/en\/wp-json\/wp\/v2\/pages"}],"about":[{"href":"https:\/\/home-stories.es\/en\/wp-json\/wp\/v2\/types\/page"}],"author":[{"embeddable":true,"href":"https:\/\/home-stories.es\/en\/wp-json\/wp\/v2\/users\/1"}],"replies":[{"embeddable":true,"href":"https:\/\/home-stories.es\/en\/wp-json\/wp\/v2\/comments?post=1221"}],"version-history":[{"count":3,"href":"https:\/\/home-stories.es\/en\/wp-json\/wp\/v2\/pages\/1221\/revisions"}],"predecessor-version":[{"id":3779,"href":"https:\/\/home-stories.es\/en\/wp-json\/wp\/v2\/pages\/1221\/revisions\/3779"}],"wp:attachment":[{"href":"https:\/\/home-stories.es\/en\/wp-json\/wp\/v2\/media?parent=1221"}],"curies":[{"name":"wp","href":"https:\/\/api.w.org\/{rel}","templated":true}]}}