{"id":1219,"date":"2020-10-21T11:31:08","date_gmt":"2020-10-21T09:31:08","guid":{"rendered":"https:\/\/home-stories.es\/politica-de-privacidad\/"},"modified":"2021-04-21T14:18:37","modified_gmt":"2021-04-21T12:18:37","slug":"politica-de-privacidad","status":"publish","type":"page","link":"https:\/\/home-stories.es\/en\/politica-de-privacidad\/","title":{"rendered":"Privacy policy"},"content":{"rendered":"<div class=\"row align-center\"  id=\"row-1879154199\">\n\n\t<div id=\"col-1472090883\" class=\"col medium-10 small-12 large-10\"  >\n\t\t<div class=\"col-inner\"  >\n\t\t\t\n\t\t\t\n<h1>POL\u00cdTICA DE PRIVACIDAD<\/h1>\n<h4>\u201cSUS DATOS SEGUROS\u201d<br \/>Informaci\u00f3n en cumplimiento de la normativa de protecci\u00f3n de datos personales<\/h4>\n<p><span style=\"color: #555;\">En Europa y en Espa\u00f1a existen normas de protecci\u00f3n de datos pensadas para proteger su informaci\u00f3n personal de obligado cumplimiento para nuestra entidad.<\/span><\/p>\n<p><span style=\"color: #555;\">Por ello, es muy importante para nosotros que entienda perfectamente qu\u00e9 vamos a hacer con los datos personales que le pedimos.<\/span><\/p>\n<p><span style=\"color: #555;\">As\u00ed, seremos transparentes y le daremos el control de sus datos, con un lenguaje sencillo y opciones claras que le permitir\u00e1n decidir qu\u00e9 haremos con su informaci\u00f3n personal.<\/span><\/p>\n<p><span style=\"color: #555;\">Por favor, si una vez le\u00edda la presente informaci\u00f3n le queda alguna duda, no dude en preguntarnos.<\/span><\/p>\n<p><span style=\"color: #555;\">Muchas gracias por su colaboraci\u00f3n.<\/span><\/p>\n<ul style=\"color: #555;\">\n<li><span style=\"color: #555;\"><strong>\u00bfQui\u00e9nes somos?<br \/><\/strong>Nuestra denominaci\u00f3n: SINLABER STORIES, S.L.<strong> (HOME STORIES)<br \/><\/strong>Nuestro CIF \/ NIF: B-02721017<\/span><br \/><span style=\"color: #555;\">Nuestra actividad principal:<strong> Agentes de la propiedad inmobiliaria<br \/><\/strong>Nuestra direcci\u00f3n: <strong>Passeig de Gr\u00e0cia 17, 08007 Barcelona <br \/><\/strong>Nuestro tel\u00e9fono de contacto: <strong>669484485<br \/><\/strong>Nuestra direcci\u00f3n de correo electr\u00f3nico de contacto: hola<strong>@home-stories.es<br \/><\/strong>Nuestra p\u00e1gina web: <strong>home-stories.es<br \/><\/strong>Para su confianza y seguridad, le informamos que somos una entidad inscrita en el siguiente Registro Mercantil \/Registro P\u00fablico: Registre Mercantil de Barcelona, en Gran Via de les Corts Catalanes, 184, 08038 Barcelona\n<p><\/span>Estamos a su disposici\u00f3n, no dude en contactar con nosotros.<\/li>\n<\/ul>\n<ul style=\"color: #555;\">\n<li><span style=\"color: #555;\"><strong>\u00bfPara qu\u00e9 vamos a usar sus datos?<br \/><\/strong><\/span>Con car\u00e1cter general, sus datos personales ser\u00e1n usados para poder relacionarnos con usted y poder prestarle nuestros servicios.<br \/>Asimismo, tambi\u00e9n pueden ser usados para otras actividades, como enviarle publicidad o promocionar nuestras actividades.\u00a0<\/li>\n<\/ul>\n<ul style=\"color: #555;\">\n<li><span style=\"color: #555;\"><strong>\u00bfPor qu\u00e9 necesitamos usar sus datos?<br \/><\/strong><\/span>Sus datos personales son necesarios para poder relacionarnos con usted y poder prestarle nuestros servicios. En este sentido, pondremos a su disposici\u00f3n una serie de casillas que le permitir\u00e1n decidir de manera clara y sencilla sobre el uso de su informaci\u00f3n personal.\u00a0<\/li>\n<\/ul>\n<ul style=\"color: #555;\">\n<li><span style=\"color: #555;\"><strong>\u00bfQui\u00e9n va a conocer la informaci\u00f3n que le pedimos?<br \/><\/strong><\/span>Con car\u00e1cter general, s\u00f3lo el personal de nuestra entidad que est\u00e9 debidamente autorizado podr\u00e1 tener conocimiento de la informaci\u00f3n que le pedimos.<br \/>De igual modo, podr\u00e1n tener conocimiento de su informaci\u00f3n personal aquellas entidades que necesiten tener acceso a la misma para que podamos prestarle nuestros servicios. As\u00ed por ejemplo, nuestro banco conocer\u00e1 sus datos si el pago de nuestros servicios se realiza mediante tarjeta o transferencia bancaria.<br \/>Asimismo, tendr\u00e1n conocimiento de su informaci\u00f3n aquellas entidades p\u00fablicas o privadas a las cuales estemos obligados a facilitar sus datos personales con motivo del cumplimiento de alguna ley. Poni\u00e9ndole un ejemplo, la Ley Tributaria obliga a facilitar a la Agencia Tributaria determinada informaci\u00f3n sobre operaciones econ\u00f3micas que superen una determinada cantidad.<br \/>En el caso de que, al margen de los supuestos comentados, necesitemos dar a conocer\u00a0 su informaci\u00f3n personal a otras entidades, le solicitaremos previamente su permiso a trav\u00e9s de opciones claras que le permitir\u00e1n decidir a este respecto.<\/li>\n<\/ul>\n<ul style=\"color: #555;\">\n<li><span style=\"color: #555;\"><strong>\u00bfC\u00f3mo vamos a proteger sus datos?<br \/><\/strong><\/span>Protegeremos sus datos con medidas de seguridad eficaces en funci\u00f3n de los riesgos que conlleve el uso de su informaci\u00f3n.<br \/>Para ello, nuestra entidad ha aprobado una Pol\u00edtica de Protecci\u00f3n de Datos y se realizan controles y auditor\u00edas anuales para verificar que sus datos personales est\u00e1n seguros en todo momento.<\/li>\n<\/ul>\n<ul style=\"color: #555;\">\n<li><span style=\"color: #555;\"><strong>\u00bfEnviaremos sus datos a otros pa\u00edses?<br \/><\/strong><\/span>En el mundo hay pa\u00edses que son seguros para sus datos y otros que no lo son tanto. As\u00ed por ejemplo, la Uni\u00f3n Europea es un entorno seguro para sus datos. Nuestra pol\u00edtica es no enviar su informaci\u00f3n personal a ning\u00fan pa\u00eds que no sea seguro desde el punto de vista de la protecci\u00f3n de sus datos.<br \/>En el caso de que, con motivo de prestarle el servicio, sea imprescindible enviar sus datos a un pa\u00eds que no sea tan seguro como Espa\u00f1a, siempre le solicitaremos previamente su permiso y aplicaremos medidas de seguridad eficaces que reduzcan los riesgos del env\u00edo de su informaci\u00f3n personal a otro pa\u00eds.<\/li>\n<\/ul>\n<ul style=\"color: #555;\">\n<li><span style=\"color: #555;\"><strong>\u00bfDurante cu\u00e1nto tiempo vamos a conservar sus datos?<br \/><\/strong><\/span>Conservaremos sus datos durante nuestra relaci\u00f3n y mientras nos obliguen las leyes. Una vez finalizados los plazos legales aplicables, procederemos a eliminarlos de forma segura y respetuosa con el medio ambiente.<\/li>\n<\/ul>\n<ul style=\"color: #555;\">\n<li><span style=\"color: #555;\"><strong>\u00bfCu\u00e1les son sus derechos de protecci\u00f3n de datos?<br \/><\/strong><\/span>En cualquier momento puede dirigirse a nosotros para saber qu\u00e9 informaci\u00f3n tenemos sobre usted, rectificarla si fuese incorrecta y eliminarla una vez finalizada nuestra relaci\u00f3n, en el caso de que ello sea legalmente posible.<br \/>Tambi\u00e9n tiene derecho a solicitar el traspaso de su informaci\u00f3n a otra entidad. Este derecho se llama \u201cportabilidad\u201d y puede ser \u00fatil en determinadas situaciones.<br \/>Para solicitar alguno de estos derechos, deber\u00e1 realizar una solicitud escrita a nuestra direcci\u00f3n, junto con una fotocopia de su DNI, para poder identificarle.<br \/>En las oficinas de nuestra entidad disponemos de formularios espec\u00edficos para solicitar dichos derechos y le ofrecemos nuestra ayuda para su cumplimentaci\u00f3n.<br \/>Para saber m\u00e1s sobre sus derechos de protecci\u00f3n de datos, puede consultar la\u00a0 p\u00e1gina web de la Agencia Espa\u00f1ola de Protecci\u00f3n de Datos (<a style=\"color: #555;\" href=\"http:\/\/www.agpd.es\">www.agpd.es<\/a><span style=\"font-size: 14.4px;\">).<\/span><\/li>\n<\/ul>\n<ul style=\"color: #555;\">\n<li><span style=\"color: #555;\"><strong>\u00bfPuede retirar su consentimiento si cambia de opini\u00f3n en un momento posterior?<br \/><\/strong><\/span>Usted puede retirar su consentimiento si cambia de opini\u00f3n sobre el uso de sus datos en cualquier momento.<br \/>As\u00ed por ejemplo, si usted en su d\u00eda estuvo interesado\/a en recibir publicidad de nuestros productos o servicios, pero ya no desea recibir m\u00e1s publicidad, puede hac\u00e9rnoslo constar a trav\u00e9s del formulario de oposici\u00f3n al tratamiento disponible en las oficinas de nuestra entidad.<\/li>\n<\/ul>\n<ul style=\"color: #555;\">\n<li><span style=\"color: #555;\"><strong>En caso de que entienda que sus derechos han sido desatendidos, \u00bfd\u00f3nde puede formular una reclamaci\u00f3n?<br \/><\/strong><\/span>En caso de que entienda que sus derechos han sido desatendidos por nuestra entidad, puede formular una reclamaci\u00f3n en la Agencia Espa\u00f1ola de Protecci\u00f3n de Datos, a trav\u00e9s de alguno de los medios siguientes:<\/li>\n<\/ul>\n<ul style=\"color: #555;\">\n<li><span style=\"color: #555;\">Sede electr\u00f3nica: www.agpd.es<\/span><\/li>\n<li><span style=\"color: #555;\">Direcci\u00f3n postal:<br \/><\/span>Agencia Espa\u00f1ola de Protecci\u00f3n de Datos <br \/>C\/ Jorge Juan, 6<br \/>28001-Madrid<\/li>\n<\/ul>\n<ul style=\"color: #555;\">\n<li><span style=\"color: #555;\">V\u00eda telef\u00f3nica:<br \/><\/span>Telf. 901 100 099<br \/>Telf. 91 266 35 17<br \/>Formular una reclamaci\u00f3n en la Agencia Espa\u00f1ola de Protecci\u00f3n de Datos no conlleva ning\u00fan coste y no es necesaria la asistencia de abogado ni procurador.<\/li>\n<\/ul>\n<ul style=\"color: #555;\">\n<li><span style=\"color: #555;\"><strong>\u00bfElaboraremos perfiles sobre usted?<br \/><\/strong><\/span>Nuestra pol\u00edtica es no elaborar perfiles sobre los usuarios de nuestros servicios.<br \/>No obstante, pueden existir situaciones en las que, con fines de prestaci\u00f3n del servicio, comerciales o de otro tipo, necesitemos elaborar perfiles de informaci\u00f3n sobre usted. Un ejemplo pudiera ser la utilizaci\u00f3n de su historial de compras o servicios para poder ofrecerle productos o servicios adaptados a sus gustos o necesidades.<br \/>En tal caso, aplicaremos medidas de seguridad eficaces que protejan su informaci\u00f3n en todo momento de personas no autorizadas que pretendan utilizarla en su propio beneficio.<\/li>\n<\/ul>\n<ul style=\"color: #555;\">\n<li><span style=\"color: #555;\"><strong>\u00bfUsaremos sus datos para otros fines?<br \/><\/strong><\/span>Nuestra pol\u00edtica es no usar sus datos para otras finalidades distintas a las que le hemos explicado. Si, no obstante, necesit\u00e1semos usar sus datos para actividades distintas, siempre le solicitaremos previamente su permiso a trav\u00e9s de opciones claras que le permitir\u00e1n decidir al respecto.<\/li>\n<\/ul>\n\t\t<\/div>\n\t\t\t<\/div>\n\n\t\n<\/div>\n","protected":false},"excerpt":{"rendered":"","protected":false},"author":1,"featured_media":0,"parent":0,"menu_order":0,"comment_status":"closed","ping_status":"closed","template":"","meta":[],"acf":[],"yoast_head":"<!-- This site is optimized with the Yoast SEO plugin v16.8 - https:\/\/yoast.com\/wordpress\/plugins\/seo\/ -->\n<title>Privacy policy - Home Stories - Compra, Alquila, Vende<\/title>\n<meta name=\"robots\" content=\"noindex, nofollow\" \/>\n<meta property=\"og:locale\" content=\"en_US\" \/>\n<meta property=\"og:type\" content=\"article\" \/>\n<meta property=\"og:title\" content=\"Privacy policy - Home Stories - Compra, Alquila, Vende\" \/>\n<meta property=\"og:url\" content=\"https:\/\/home-stories.es\/en\/politica-de-privacidad\/\" \/>\n<meta property=\"og:site_name\" content=\"Home Stories - Compra, Alquila, Vende\" \/>\n<meta property=\"article:modified_time\" content=\"2021-04-21T12:18:37+00:00\" \/>\n<meta name=\"twitter:card\" content=\"summary_large_image\" \/>\n<meta name=\"twitter:label1\" content=\"Est. reading time\" \/>\n\t<meta name=\"twitter:data1\" content=\"6 minutes\" \/>\n<script type=\"application\/ld+json\" class=\"yoast-schema-graph\">{\"@context\":\"https:\/\/schema.org\",\"@graph\":[{\"@type\":\"WebSite\",\"@id\":\"https:\/\/home-stories.es\/#website\",\"url\":\"https:\/\/home-stories.es\/\",\"name\":\"Home Stories - Compra, Alquila, Vende\",\"description\":\"\",\"potentialAction\":[{\"@type\":\"SearchAction\",\"target\":{\"@type\":\"EntryPoint\",\"urlTemplate\":\"https:\/\/home-stories.es\/?s={search_term_string}\"},\"query-input\":\"required name=search_term_string\"}],\"inLanguage\":\"en-US\"},{\"@type\":\"WebPage\",\"@id\":\"https:\/\/home-stories.es\/en\/politica-de-privacidad\/#webpage\",\"url\":\"https:\/\/home-stories.es\/en\/politica-de-privacidad\/\",\"name\":\"Privacy policy - Home Stories - Compra, Alquila, Vende\",\"isPartOf\":{\"@id\":\"https:\/\/home-stories.es\/#website\"},\"datePublished\":\"2020-10-21T09:31:08+00:00\",\"dateModified\":\"2021-04-21T12:18:37+00:00\",\"breadcrumb\":{\"@id\":\"https:\/\/home-stories.es\/en\/politica-de-privacidad\/#breadcrumb\"},\"inLanguage\":\"en-US\",\"potentialAction\":[{\"@type\":\"ReadAction\",\"target\":[\"https:\/\/home-stories.es\/en\/politica-de-privacidad\/\"]}]},{\"@type\":\"BreadcrumbList\",\"@id\":\"https:\/\/home-stories.es\/en\/politica-de-privacidad\/#breadcrumb\",\"itemListElement\":[{\"@type\":\"ListItem\",\"position\":1,\"name\":\"Portada\",\"item\":\"https:\/\/home-stories.es\/en\/\"},{\"@type\":\"ListItem\",\"position\":2,\"name\":\"Privacy policy\"}]}]}<\/script>\n<!-- \/ Yoast SEO plugin. -->","yoast_head_json":{"title":"Privacy policy - Home Stories - Compra, Alquila, Vende","robots":{"index":"noindex","follow":"nofollow"},"og_locale":"en_US","og_type":"article","og_title":"Privacy policy - Home Stories - Compra, Alquila, Vende","og_url":"https:\/\/home-stories.es\/en\/politica-de-privacidad\/","og_site_name":"Home Stories - Compra, Alquila, Vende","article_modified_time":"2021-04-21T12:18:37+00:00","twitter_card":"summary_large_image","twitter_misc":{"Est. reading time":"6 minutes"},"schema":{"@context":"https:\/\/schema.org","@graph":[{"@type":"WebSite","@id":"https:\/\/home-stories.es\/#website","url":"https:\/\/home-stories.es\/","name":"Home Stories - Compra, Alquila, Vende","description":"","potentialAction":[{"@type":"SearchAction","target":{"@type":"EntryPoint","urlTemplate":"https:\/\/home-stories.es\/?s={search_term_string}"},"query-input":"required name=search_term_string"}],"inLanguage":"en-US"},{"@type":"WebPage","@id":"https:\/\/home-stories.es\/en\/politica-de-privacidad\/#webpage","url":"https:\/\/home-stories.es\/en\/politica-de-privacidad\/","name":"Privacy policy - Home Stories - Compra, Alquila, Vende","isPartOf":{"@id":"https:\/\/home-stories.es\/#website"},"datePublished":"2020-10-21T09:31:08+00:00","dateModified":"2021-04-21T12:18:37+00:00","breadcrumb":{"@id":"https:\/\/home-stories.es\/en\/politica-de-privacidad\/#breadcrumb"},"inLanguage":"en-US","potentialAction":[{"@type":"ReadAction","target":["https:\/\/home-stories.es\/en\/politica-de-privacidad\/"]}]},{"@type":"BreadcrumbList","@id":"https:\/\/home-stories.es\/en\/politica-de-privacidad\/#breadcrumb","itemListElement":[{"@type":"ListItem","position":1,"name":"Portada","item":"https:\/\/home-stories.es\/en\/"},{"@type":"ListItem","position":2,"name":"Privacy policy"}]}]}},"_links":{"self":[{"href":"https:\/\/home-stories.es\/en\/wp-json\/wp\/v2\/pages\/1219"}],"collection":[{"href":"https:\/\/home-stories.es\/en\/wp-json\/wp\/v2\/pages"}],"about":[{"href":"https:\/\/home-stories.es\/en\/wp-json\/wp\/v2\/types\/page"}],"author":[{"embeddable":true,"href":"https:\/\/home-stories.es\/en\/wp-json\/wp\/v2\/users\/1"}],"replies":[{"embeddable":true,"href":"https:\/\/home-stories.es\/en\/wp-json\/wp\/v2\/comments?post=1219"}],"version-history":[{"count":2,"href":"https:\/\/home-stories.es\/en\/wp-json\/wp\/v2\/pages\/1219\/revisions"}],"predecessor-version":[{"id":1683,"href":"https:\/\/home-stories.es\/en\/wp-json\/wp\/v2\/pages\/1219\/revisions\/1683"}],"wp:attachment":[{"href":"https:\/\/home-stories.es\/en\/wp-json\/wp\/v2\/media?parent=1219"}],"curies":[{"name":"wp","href":"https:\/\/api.w.org\/{rel}","templated":true}]}}